{"id":1132,"date":"2023-11-24T09:46:57","date_gmt":"2023-11-24T08:46:57","guid":{"rendered":"https:\/\/chape-liquide-savoie.com\/?page_id=1132"},"modified":"2025-07-04T12:52:28","modified_gmt":"2025-07-04T10:52:28","slug":"chape-liquide","status":"publish","type":"page","link":"https:\/\/chape-liquide-savoie.com\/index.php\/chape-liquide\/","title":{"rendered":"CHAPE LIQUIDE"},"content":{"rendered":"\t\t<div data-elementor-type=\"wp-page\" data-elementor-id=\"1132\" class=\"elementor elementor-1132\">\n\t\t\t\t<div class=\"elementor-element elementor-element-8e23c47 e-flex e-con-boxed e-con e-parent\" data-id=\"8e23c47\" data-element_type=\"container\" data-e-type=\"container\">\n\t\t\t\t\t<div class=\"e-con-inner\">\n\t\t\t\t<div class=\"elementor-element elementor-element-3e9dd91 elementor-widget elementor-widget-heading\" data-id=\"3e9dd91\" data-element_type=\"widget\" data-e-type=\"widget\" data-widget_type=\"heading.default\">\n\t\t\t\t<div class=\"elementor-widget-container\">\n\t\t\t\t\t<h2 class=\"elementor-heading-title elementor-size-default\">Nos chapes liquides<\/h2>\t\t\t\t<\/div>\n\t\t\t\t<\/div>\n\t\t\t\t\t<\/div>\n\t\t\t\t<\/div>\n\t\t<div class=\"elementor-element elementor-element-e916f50 e-flex e-con-boxed e-con e-parent\" data-id=\"e916f50\" data-element_type=\"container\" data-e-type=\"container\">\n\t\t\t\t\t<div class=\"e-con-inner\">\n\t\t<div class=\"elementor-element elementor-element-4bbfb64 e-con-full e-flex e-con e-child\" data-id=\"4bbfb64\" data-element_type=\"container\" data-e-type=\"container\">\n\t\t\t\t<div class=\"elementor-element elementor-element-fcf8492 elementor-widget elementor-widget-image\" data-id=\"fcf8492\" data-element_type=\"widget\" data-e-type=\"widget\" data-widget_type=\"image.default\">\n\t\t\t\t<div class=\"elementor-widget-container\">\n\t\t\t\t\t\t\t\t\t\t\t\t\t\t\t<img fetchpriority=\"high\" decoding=\"async\" width=\"768\" height=\"1024\" src=\"https:\/\/chape-liquide-savoie.com\/wp-content\/uploads\/2025\/03\/chalet-768x1024.jpg\" class=\"attachment-large size-large wp-image-1535\" alt=\"\" srcset=\"https:\/\/chape-liquide-savoie.com\/wp-content\/uploads\/2025\/03\/chalet-768x1024.jpg 768w, https:\/\/chape-liquide-savoie.com\/wp-content\/uploads\/2025\/03\/chalet-225x300.jpg 225w, https:\/\/chape-liquide-savoie.com\/wp-content\/uploads\/2025\/03\/chalet.jpg 1024w\" sizes=\"(max-width: 768px) 100vw, 768px\" \/>\t\t\t\t\t\t\t\t\t\t\t\t\t\t\t<\/div>\n\t\t\t\t<\/div>\n\t\t\t\t<div class=\"elementor-element elementor-element-e4936c9 elementor-widget elementor-widget-heading\" data-id=\"e4936c9\" data-element_type=\"widget\" data-e-type=\"widget\" data-widget_type=\"heading.default\">\n\t\t\t\t<div class=\"elementor-widget-container\">\n\t\t\t\t\t<h2 class=\"elementor-heading-title elementor-size-medium\">La chape technique<\/h2>\t\t\t\t<\/div>\n\t\t\t\t<\/div>\n\t\t\t\t<div class=\"elementor-element elementor-element-cbd85ca elementor-widget elementor-widget-text-editor\" data-id=\"cbd85ca\" data-element_type=\"widget\" data-e-type=\"widget\" data-widget_type=\"text-editor.default\">\n\t\t\t\t<div class=\"elementor-widget-container\">\n\t\t\t\t\t\t\t\t\t<p><strong>Une base solide pour tout projet. Niveau parfait, r\u00e9sistance adapt\u00e9e, polyvalence pour int\u00e9grer chauffage et isolants. Durabilit\u00e9, entretien facile, adaptabilit\u00e9. La cl\u00e9 d&rsquo;un sol parfait : fonctionnel, robuste, adaptable.<\/strong><\/p>\t\t\t\t\t\t\t\t<\/div>\n\t\t\t\t<\/div>\n\t\t\t\t<\/div>\n\t\t<div class=\"elementor-element elementor-element-e644110 e-con-full e-flex e-con e-child\" data-id=\"e644110\" data-element_type=\"container\" data-e-type=\"container\">\n\t\t\t\t<div class=\"elementor-element elementor-element-737ab69 elementor-widget elementor-widget-image\" data-id=\"737ab69\" data-element_type=\"widget\" data-e-type=\"widget\" data-widget_type=\"image.default\">\n\t\t\t\t<div class=\"elementor-widget-container\">\n\t\t\t\t\t\t\t\t\t\t\t\t\t\t\t<img decoding=\"async\" width=\"768\" height=\"1024\" src=\"https:\/\/chape-liquide-savoie.com\/wp-content\/uploads\/2023\/12\/20200619_153716-768x1024.jpg\" class=\"attachment-large size-large wp-image-1320\" alt=\"\" srcset=\"https:\/\/chape-liquide-savoie.com\/wp-content\/uploads\/2023\/12\/20200619_153716-768x1024.jpg 768w, https:\/\/chape-liquide-savoie.com\/wp-content\/uploads\/2023\/12\/20200619_153716-225x300.jpg 225w, https:\/\/chape-liquide-savoie.com\/wp-content\/uploads\/2023\/12\/20200619_153716-1152x1536.jpg 1152w, https:\/\/chape-liquide-savoie.com\/wp-content\/uploads\/2023\/12\/20200619_153716-1536x2048.jpg 1536w, https:\/\/chape-liquide-savoie.com\/wp-content\/uploads\/2023\/12\/20200619_153716-scaled.jpg 1920w\" sizes=\"(max-width: 768px) 100vw, 768px\" \/>\t\t\t\t\t\t\t\t\t\t\t\t\t\t\t<\/div>\n\t\t\t\t<\/div>\n\t\t\t\t<div class=\"elementor-element elementor-element-336f0ff elementor-widget elementor-widget-heading\" data-id=\"336f0ff\" data-element_type=\"widget\" data-e-type=\"widget\" data-widget_type=\"heading.default\">\n\t\t\t\t<div class=\"elementor-widget-container\">\n\t\t\t\t\t<h2 class=\"elementor-heading-title elementor-size-medium\">Le ravoirage<\/h2>\t\t\t\t<\/div>\n\t\t\t\t<\/div>\n\t\t\t\t<div class=\"elementor-element elementor-element-a44c946 elementor-widget elementor-widget-text-editor\" data-id=\"a44c946\" data-element_type=\"widget\" data-e-type=\"widget\" data-widget_type=\"text-editor.default\">\n\t\t\t\t<div class=\"elementor-widget-container\">\n\t\t\t\t\t\t\t\t\t<div class=\"flex flex-grow flex-col max-w-full\"><div class=\"min-h-[20px] text-message flex flex-col items-start gap-3 whitespace-pre-wrap break-words [.text-message+&amp;]:mt-5 overflow-x-auto\" data-message-author-role=\"assistant\" data-message-id=\"035a9f7b-e298-4f05-9d3b-125dd34070d0\"><div class=\"markdown prose w-full break-words dark:prose-invert dark\"><p><strong>Solution pour nivelez votre sol. Compos\u00e9 de mat\u00e9riaux l\u00e9gers, il ajuste les diff\u00e9rences de hauteur, assurant une base plane. Rapide \u00e0 appliquer, il pr\u00e9pare efficacement le sol pour la prochaine \u00e9tape. Le ravoirage : facilit\u00e9, efficacit\u00e9 pour un sol nivel\u00e9.<\/strong><\/p><\/div><\/div><\/div>\t\t\t\t\t\t\t\t<\/div>\n\t\t\t\t<\/div>\n\t\t\t\t<\/div>\n\t\t<div class=\"elementor-element elementor-element-bb6a181 e-con-full e-flex e-con e-child\" data-id=\"bb6a181\" data-element_type=\"container\" data-e-type=\"container\">\n\t\t\t\t<div class=\"elementor-element elementor-element-8ac734f elementor-widget elementor-widget-image\" data-id=\"8ac734f\" data-element_type=\"widget\" data-e-type=\"widget\" data-widget_type=\"image.default\">\n\t\t\t\t<div class=\"elementor-widget-container\">\n\t\t\t\t\t\t\t\t\t\t\t\t\t\t\t<img decoding=\"async\" width=\"768\" height=\"1024\" src=\"https:\/\/chape-liquide-savoie.com\/wp-content\/uploads\/2025\/03\/anhydrite-768x1024.jpg\" class=\"attachment-large size-large wp-image-1530\" alt=\"\" srcset=\"https:\/\/chape-liquide-savoie.com\/wp-content\/uploads\/2025\/03\/anhydrite-768x1024.jpg 768w, https:\/\/chape-liquide-savoie.com\/wp-content\/uploads\/2025\/03\/anhydrite-225x300.jpg 225w, https:\/\/chape-liquide-savoie.com\/wp-content\/uploads\/2025\/03\/anhydrite.jpg 1024w\" sizes=\"(max-width: 768px) 100vw, 768px\" \/>\t\t\t\t\t\t\t\t\t\t\t\t\t\t\t<\/div>\n\t\t\t\t<\/div>\n\t\t\t\t<div class=\"elementor-element elementor-element-a0bfe4e elementor-widget elementor-widget-heading\" data-id=\"a0bfe4e\" data-element_type=\"widget\" data-e-type=\"widget\" data-widget_type=\"heading.default\">\n\t\t\t\t<div class=\"elementor-widget-container\">\n\t\t\t\t\t<h2 class=\"elementor-heading-title elementor-size-medium\">La chape anhydrite<\/h2>\t\t\t\t<\/div>\n\t\t\t\t<\/div>\n\t\t\t\t<div class=\"elementor-element elementor-element-ad9d8d5 elementor-widget elementor-widget-text-editor\" data-id=\"ad9d8d5\" data-element_type=\"widget\" data-e-type=\"widget\" data-widget_type=\"text-editor.default\">\n\t\t\t\t<div class=\"elementor-widget-container\">\n\t\t\t\t\t\t\t\t\t<div class=\"flex flex-grow flex-col max-w-full\"><div class=\"min-h-[20px] text-message flex flex-col items-start gap-3 whitespace-pre-wrap break-words [.text-message+&amp;]:mt-5 overflow-x-auto\" data-message-author-role=\"assistant\" data-message-id=\"10ad3d44-17b0-445a-b684-6bf1ada6bc66\"><div class=\"markdown prose w-full break-words dark:prose-invert dark\"><p><strong>Perfection liquide pour votre sol. Fluide, elle s&rsquo;\u00e9tale facilement, cr\u00e9ant une surface lisse et homog\u00e8ne. Sa composition sp\u00e9ciale assure un s\u00e9chage rapide et une grande r\u00e9sistance. Solution id\u00e9ale pour les planchers chauffants, elle offre une base solide et durable. La chape anhydrite : fluidit\u00e9, rapidit\u00e9, solidit\u00e9 pour un sol impeccable.<\/strong><\/p><\/div><\/div><\/div>\t\t\t\t\t\t\t\t<\/div>\n\t\t\t\t<\/div>\n\t\t\t\t<\/div>\n\t\t<div class=\"elementor-element elementor-element-5d9bd8d e-con-full e-flex e-con e-child\" data-id=\"5d9bd8d\" data-element_type=\"container\" data-e-type=\"container\">\n\t\t\t\t<div class=\"elementor-element elementor-element-7026131 elementor-widget elementor-widget-image\" data-id=\"7026131\" data-element_type=\"widget\" data-e-type=\"widget\" data-widget_type=\"image.default\">\n\t\t\t\t<div class=\"elementor-widget-container\">\n\t\t\t\t\t\t\t\t\t\t\t\t\t\t\t<img loading=\"lazy\" decoding=\"async\" width=\"768\" height=\"1024\" src=\"https:\/\/chape-liquide-savoie.com\/wp-content\/uploads\/2023\/12\/20220704_094229-768x1024.jpg\" class=\"attachment-large size-large wp-image-1331\" alt=\"\" srcset=\"https:\/\/chape-liquide-savoie.com\/wp-content\/uploads\/2023\/12\/20220704_094229-768x1024.jpg 768w, https:\/\/chape-liquide-savoie.com\/wp-content\/uploads\/2023\/12\/20220704_094229-225x300.jpg 225w, https:\/\/chape-liquide-savoie.com\/wp-content\/uploads\/2023\/12\/20220704_094229-1152x1536.jpg 1152w, https:\/\/chape-liquide-savoie.com\/wp-content\/uploads\/2023\/12\/20220704_094229-1536x2048.jpg 1536w, https:\/\/chape-liquide-savoie.com\/wp-content\/uploads\/2023\/12\/20220704_094229-scaled.jpg 1920w\" sizes=\"(max-width: 768px) 100vw, 768px\" \/>\t\t\t\t\t\t\t\t\t\t\t\t\t\t\t<\/div>\n\t\t\t\t<\/div>\n\t\t\t\t<div class=\"elementor-element elementor-element-cd3fb4c elementor-widget elementor-widget-heading\" data-id=\"cd3fb4c\" data-element_type=\"widget\" data-e-type=\"widget\" data-widget_type=\"heading.default\">\n\t\t\t\t<div class=\"elementor-widget-container\">\n\t\t\t\t\t<h2 class=\"elementor-heading-title elementor-size-medium\">La chape ciment<\/h2>\t\t\t\t<\/div>\n\t\t\t\t<\/div>\n\t\t\t\t<div class=\"elementor-element elementor-element-fabf594 elementor-widget elementor-widget-text-editor\" data-id=\"fabf594\" data-element_type=\"widget\" data-e-type=\"widget\" data-widget_type=\"text-editor.default\">\n\t\t\t\t<div class=\"elementor-widget-container\">\n\t\t\t\t\t\t\t\t\t<p><strong>Votre alli\u00e9e pour des sols impeccables. Solide et adaptable, elle cr\u00e9e une base robuste et plane, pr\u00eate \u00e0 accueillir tout type de rev\u00eatement. Simple \u00e0 installer, elle offre une fiabilit\u00e9 \u00e0 toute \u00e9preuve, garantissant un sol durable et fonctionnel.<\/strong><\/p>\t\t\t\t\t\t\t\t<\/div>\n\t\t\t\t<\/div>\n\t\t\t\t<\/div>\n\t\t\t\t\t<\/div>\n\t\t\t\t<\/div>\n\t\t<div class=\"elementor-element elementor-element-f1fdbf1 e-flex e-con-boxed e-con e-parent\" data-id=\"f1fdbf1\" data-element_type=\"container\" data-e-type=\"container\">\n\t\t\t\t\t<div class=\"e-con-inner\">\n\t\t<div class=\"elementor-element elementor-element-0bf0809 e-con-full e-flex e-con e-child\" data-id=\"0bf0809\" data-element_type=\"container\" data-e-type=\"container\">\n\t\t\t\t<div class=\"elementor-element elementor-element-845db65 elementor-align-center elementor-widget elementor-widget-button\" data-id=\"845db65\" data-element_type=\"widget\" data-e-type=\"widget\" data-widget_type=\"button.default\">\n\t\t\t\t<div class=\"elementor-widget-container\">\n\t\t\t\t\t\t\t\t\t<div class=\"elementor-button-wrapper\">\n\t\t\t\t\t<a class=\"elementor-button elementor-button-link elementor-size-sm\" href=\"https:\/\/chape-liquide-savoie.com\/index.php\/chape-technique\/\">\n\t\t\t\t\t\t<span class=\"elementor-button-content-wrapper\">\n\t\t\t\t\t\t\t\t\t<span class=\"elementor-button-text\">Cliquez ici<\/span>\n\t\t\t\t\t<\/span>\n\t\t\t\t\t<\/a>\n\t\t\t\t<\/div>\n\t\t\t\t\t\t\t\t<\/div>\n\t\t\t\t<\/div>\n\t\t\t\t<\/div>\n\t\t<div class=\"elementor-element elementor-element-ab81d34 e-con-full e-flex e-con e-child\" data-id=\"ab81d34\" data-element_type=\"container\" data-e-type=\"container\">\n\t\t\t\t<div class=\"elementor-element elementor-element-bc76505 elementor-align-center elementor-widget elementor-widget-button\" data-id=\"bc76505\" data-element_type=\"widget\" data-e-type=\"widget\" data-widget_type=\"button.default\">\n\t\t\t\t<div class=\"elementor-widget-container\">\n\t\t\t\t\t\t\t\t\t<div class=\"elementor-button-wrapper\">\n\t\t\t\t\t<a class=\"elementor-button elementor-button-link elementor-size-sm\" href=\"https:\/\/chape-liquide-savoie.com\/index.php\/chape-de-ravoirage\/\">\n\t\t\t\t\t\t<span class=\"elementor-button-content-wrapper\">\n\t\t\t\t\t\t\t\t\t<span class=\"elementor-button-text\">Cliquez ici<\/span>\n\t\t\t\t\t<\/span>\n\t\t\t\t\t<\/a>\n\t\t\t\t<\/div>\n\t\t\t\t\t\t\t\t<\/div>\n\t\t\t\t<\/div>\n\t\t\t\t<\/div>\n\t\t<div class=\"elementor-element elementor-element-ac6e4e2 e-con-full e-flex e-con e-child\" data-id=\"ac6e4e2\" data-element_type=\"container\" data-e-type=\"container\">\n\t\t\t\t<div class=\"elementor-element elementor-element-ca54f41 elementor-align-center elementor-widget elementor-widget-button\" data-id=\"ca54f41\" data-element_type=\"widget\" data-e-type=\"widget\" data-widget_type=\"button.default\">\n\t\t\t\t<div class=\"elementor-widget-container\">\n\t\t\t\t\t\t\t\t\t<div class=\"elementor-button-wrapper\">\n\t\t\t\t\t<a class=\"elementor-button elementor-button-link elementor-size-sm\" href=\"https:\/\/chape-liquide-savoie.com\/index.php\/chape-anhydrite\/\">\n\t\t\t\t\t\t<span class=\"elementor-button-content-wrapper\">\n\t\t\t\t\t\t\t\t\t<span class=\"elementor-button-text\">Cliquez ici<\/span>\n\t\t\t\t\t<\/span>\n\t\t\t\t\t<\/a>\n\t\t\t\t<\/div>\n\t\t\t\t\t\t\t\t<\/div>\n\t\t\t\t<\/div>\n\t\t\t\t<\/div>\n\t\t<div class=\"elementor-element elementor-element-6054a55 e-con-full e-flex e-con e-child\" data-id=\"6054a55\" data-element_type=\"container\" data-e-type=\"container\">\n\t\t\t\t<div class=\"elementor-element elementor-element-447f8df elementor-align-center elementor-widget elementor-widget-button\" data-id=\"447f8df\" data-element_type=\"widget\" data-e-type=\"widget\" data-widget_type=\"button.default\">\n\t\t\t\t<div class=\"elementor-widget-container\">\n\t\t\t\t\t\t\t\t\t<div class=\"elementor-button-wrapper\">\n\t\t\t\t\t<a class=\"elementor-button elementor-button-link elementor-size-sm\" href=\"https:\/\/chape-liquide-savoie.com\/index.php\/chape-ciment\/\">\n\t\t\t\t\t\t<span class=\"elementor-button-content-wrapper\">\n\t\t\t\t\t\t\t\t\t<span class=\"elementor-button-text\">Cliquez ici<\/span>\n\t\t\t\t\t<\/span>\n\t\t\t\t\t<\/a>\n\t\t\t\t<\/div>\n\t\t\t\t\t\t\t\t<\/div>\n\t\t\t\t<\/div>\n\t\t\t\t<\/div>\n\t\t\t\t\t<\/div>\n\t\t\t\t<\/div>\n\t\t\t\t<\/div>\n\t\t","protected":false},"excerpt":{"rendered":"<p>Nos chapes liquides La chape technique Une base solide pour tout projet. Niveau parfait, r\u00e9sistance adapt\u00e9e, polyvalence pour int\u00e9grer chauffage et isolants. Durabilit\u00e9, entretien facile, adaptabilit\u00e9. La cl\u00e9 d&rsquo;un sol parfait : fonctionnel, robuste, adaptable. Le ravoirage Solution pour nivelez votre sol. Compos\u00e9 de mat\u00e9riaux l\u00e9gers, il ajuste les diff\u00e9rences de hauteur, assurant une base [&hellip;]<\/p>\n","protected":false},"author":1,"featured_media":0,"parent":0,"menu_order":0,"comment_status":"closed","ping_status":"closed","template":"","meta":{"site-sidebar-layout":"no-sidebar","site-content-layout":"page-builder","ast-site-content-layout":"full-width-container","site-content-style":"default","site-sidebar-style":"default","ast-global-header-display":"","ast-banner-title-visibility":"","ast-main-header-display":"","ast-hfb-above-header-display":"","ast-hfb-below-header-display":"","ast-hfb-mobile-header-display":"","site-post-title":"disabled","ast-breadcrumbs-content":"","ast-featured-img":"disabled","footer-sml-layout":"","theme-transparent-header-meta":"","adv-header-id-meta":"","stick-header-meta":"","header-above-stick-meta":"","header-main-stick-meta":"","header-below-stick-meta":"","astra-migrate-meta-layouts":"set","ast-page-background-enabled":"default","ast-page-background-meta":{"desktop":{"background-color":"","background-image":"","background-repeat":"repeat","background-position":"center center","background-size":"auto","background-attachment":"scroll","background-type":"","background-media":"","overlay-type":"","overlay-color":"","overlay-gradient":""},"tablet":{"background-color":"","background-image":"","background-repeat":"repeat","background-position":"center center","background-size":"auto","background-attachment":"scroll","background-type":"","background-media":"","overlay-type":"","overlay-color":"","overlay-gradient":""},"mobile":{"background-color":"","background-image":"","background-repeat":"repeat","background-position":"center center","background-size":"auto","background-attachment":"scroll","background-type":"","background-media":"","overlay-type":"","overlay-color":"","overlay-gradient":""}},"ast-content-background-meta":{"desktop":{"background-color":"var(--ast-global-color-5)","background-image":"","background-repeat":"repeat","background-position":"center center","background-size":"auto","background-attachment":"scroll","background-type":"","background-media":"","overlay-type":"","overlay-color":"","overlay-gradient":""},"tablet":{"background-color":"var(--ast-global-color-5)","background-image":"","background-repeat":"repeat","background-position":"center center","background-size":"auto","background-attachment":"scroll","background-type":"","background-media":"","overlay-type":"","overlay-color":"","overlay-gradient":""},"mobile":{"background-color":"var(--ast-global-color-5)","background-image":"","background-repeat":"repeat","background-position":"center center","background-size":"auto","background-attachment":"scroll","background-type":"","background-media":"","overlay-type":"","overlay-color":"","overlay-gradient":""}},"footnotes":""},"class_list":["post-1132","page","type-page","status-publish","hentry"],"_links":{"self":[{"href":"https:\/\/chape-liquide-savoie.com\/index.php\/wp-json\/wp\/v2\/pages\/1132","targetHints":{"allow":["GET"]}}],"collection":[{"href":"https:\/\/chape-liquide-savoie.com\/index.php\/wp-json\/wp\/v2\/pages"}],"about":[{"href":"https:\/\/chape-liquide-savoie.com\/index.php\/wp-json\/wp\/v2\/types\/page"}],"author":[{"embeddable":true,"href":"https:\/\/chape-liquide-savoie.com\/index.php\/wp-json\/wp\/v2\/users\/1"}],"replies":[{"embeddable":true,"href":"https:\/\/chape-liquide-savoie.com\/index.php\/wp-json\/wp\/v2\/comments?post=1132"}],"version-history":[{"count":19,"href":"https:\/\/chape-liquide-savoie.com\/index.php\/wp-json\/wp\/v2\/pages\/1132\/revisions"}],"predecessor-version":[{"id":1581,"href":"https:\/\/chape-liquide-savoie.com\/index.php\/wp-json\/wp\/v2\/pages\/1132\/revisions\/1581"}],"wp:attachment":[{"href":"https:\/\/chape-liquide-savoie.com\/index.php\/wp-json\/wp\/v2\/media?parent=1132"}],"curies":[{"name":"wp","href":"https:\/\/api.w.org\/{rel}","templated":true}]}}