{"id":1142,"date":"2023-11-24T09:50:41","date_gmt":"2023-11-24T08:50:41","guid":{"rendered":"https:\/\/chape-liquide-savoie.com\/?page_id=1142"},"modified":"2025-03-24T17:20:29","modified_gmt":"2025-03-24T16:20:29","slug":"chape-ciment","status":"publish","type":"page","link":"https:\/\/chape-liquide-savoie.com\/index.php\/chape-ciment\/","title":{"rendered":"CHAPE CIMENT"},"content":{"rendered":"\t\t<div data-elementor-type=\"wp-page\" data-elementor-id=\"1142\" class=\"elementor elementor-1142\">\n\t\t\t\t<div class=\"elementor-element elementor-element-fd8fa50 e-flex e-con-boxed e-con e-parent\" data-id=\"fd8fa50\" data-element_type=\"container\" data-e-type=\"container\">\n\t\t\t\t\t<div class=\"e-con-inner\">\n\t\t<div class=\"elementor-element elementor-element-ca6dd08 e-con-full e-flex e-con e-child\" data-id=\"ca6dd08\" data-element_type=\"container\" data-e-type=\"container\">\n\t\t\t\t<div class=\"elementor-element elementor-element-e7b6d2d elementor-widget elementor-widget-heading\" data-id=\"e7b6d2d\" data-element_type=\"widget\" data-e-type=\"widget\" data-widget_type=\"heading.default\">\n\t\t\t\t<div class=\"elementor-widget-container\">\n\t\t\t\t\t<h2 class=\"elementor-heading-title elementor-size-default\">Chape Ciment<\/h2>\t\t\t\t<\/div>\n\t\t\t\t<\/div>\n\t\t\t\t<div class=\"elementor-element elementor-element-627678f elementor-widget elementor-widget-text-editor\" data-id=\"627678f\" data-element_type=\"widget\" data-e-type=\"widget\" data-widget_type=\"text-editor.default\">\n\t\t\t\t<div class=\"elementor-widget-container\">\n\t\t\t\t\t\t\t\t\t<p>Compos\u00e9e de ciment, de sable, d\u2019eau et d\u2019adjuvants, cette chape offre une grande adaptabilit\u00e9 \u00e0 diff\u00e9rents environnements. Sa composition permet une mise en \u0153uvre ais\u00e9e, assurant ainsi une <strong>base<\/strong> <strong>solide<\/strong> pour les rev\u00eatements de sol tels que le carrelage, le parquet, le vinyle ou encore le b\u00e9ton cir\u00e9.<\/p><p>La chape ciment permet de r\u00e9gler les diff\u00e9rences de niveau et de <strong>corriger les imperfections<\/strong> du sol. Elle garantit une <strong>surface plane<\/strong>,\u00a0 assurant une long\u00e9vit\u00e9 accrue du rev\u00eatement final.<\/p><p>Sa r\u00e9sistance aux charges et sa capacit\u00e9 \u00e0 supporter diverses contraintes en font un choix id\u00e9al pour des espaces tr\u00e8s sollicit\u00e9s et dans <strong>les environnements humides<\/strong> (contour de piscine, spa ou hamam).<\/p><p>En outre, sa compatibilit\u00e9 avec les syst\u00e8mes de chauffage par le sol en fait une solution appr\u00e9ci\u00e9e pour <strong>l&rsquo;inertie thermique<\/strong> (capacit\u00e9 physique \u00e0 conserver la temp\u00e9rature).<\/p>\t\t\t\t\t\t\t\t<\/div>\n\t\t\t\t<\/div>\n\t\t\t\t<\/div>\n\t\t<div class=\"elementor-element elementor-element-48dcf27 e-con-full e-flex e-con e-child\" data-id=\"48dcf27\" data-element_type=\"container\" data-e-type=\"container\">\n\t\t\t\t<div class=\"elementor-element elementor-element-f025b5f elementor-widget elementor-widget-image\" data-id=\"f025b5f\" data-element_type=\"widget\" data-e-type=\"widget\" data-widget_type=\"image.default\">\n\t\t\t\t<div class=\"elementor-widget-container\">\n\t\t\t\t\t\t\t\t\t\t\t\t\t\t\t<img fetchpriority=\"high\" decoding=\"async\" width=\"768\" height=\"1024\" src=\"https:\/\/chape-liquide-savoie.com\/wp-content\/uploads\/2025\/03\/chalet-768x1024.jpg\" class=\"attachment-large size-large wp-image-1535\" alt=\"\" srcset=\"https:\/\/chape-liquide-savoie.com\/wp-content\/uploads\/2025\/03\/chalet-768x1024.jpg 768w, https:\/\/chape-liquide-savoie.com\/wp-content\/uploads\/2025\/03\/chalet-225x300.jpg 225w, https:\/\/chape-liquide-savoie.com\/wp-content\/uploads\/2025\/03\/chalet.jpg 1024w\" sizes=\"(max-width: 768px) 100vw, 768px\" \/>\t\t\t\t\t\t\t\t\t\t\t\t\t\t\t<\/div>\n\t\t\t\t<\/div>\n\t\t\t\t<\/div>\n\t\t\t\t\t<\/div>\n\t\t\t\t<\/div>\n\t\t<div class=\"elementor-element elementor-element-0017311 e-flex e-con-boxed e-con e-parent\" data-id=\"0017311\" data-element_type=\"container\" data-e-type=\"container\">\n\t\t\t\t\t<div class=\"e-con-inner\">\n\t\t\t\t\t<\/div>\n\t\t\t\t<\/div>\n\t\t\t\t<\/div>\n\t\t","protected":false},"excerpt":{"rendered":"<p>Chape Ciment Compos\u00e9e de ciment, de sable, d\u2019eau et d\u2019adjuvants, cette chape offre une grande adaptabilit\u00e9 \u00e0 diff\u00e9rents environnements. Sa composition permet une mise en \u0153uvre ais\u00e9e, assurant ainsi une base solide pour les rev\u00eatements de sol tels que le carrelage, le parquet, le vinyle ou encore le b\u00e9ton cir\u00e9. La chape ciment permet de [&hellip;]<\/p>\n","protected":false},"author":1,"featured_media":0,"parent":0,"menu_order":0,"comment_status":"closed","ping_status":"closed","template":"","meta":{"site-sidebar-layout":"no-sidebar","site-content-layout":"page-builder","ast-site-content-layout":"full-width-container","site-content-style":"default","site-sidebar-style":"default","ast-global-header-display":"","ast-banner-title-visibility":"","ast-main-header-display":"","ast-hfb-above-header-display":"","ast-hfb-below-header-display":"","ast-hfb-mobile-header-display":"","site-post-title":"disabled","ast-breadcrumbs-content":"","ast-featured-img":"disabled","footer-sml-layout":"","theme-transparent-header-meta":"","adv-header-id-meta":"","stick-header-meta":"","header-above-stick-meta":"","header-main-stick-meta":"","header-below-stick-meta":"","astra-migrate-meta-layouts":"set","ast-page-background-enabled":"default","ast-page-background-meta":{"desktop":{"background-color":"","background-image":"","background-repeat":"repeat","background-position":"center center","background-size":"auto","background-attachment":"scroll","background-type":"","background-media":"","overlay-type":"","overlay-color":"","overlay-gradient":""},"tablet":{"background-color":"","background-image":"","background-repeat":"repeat","background-position":"center center","background-size":"auto","background-attachment":"scroll","background-type":"","background-media":"","overlay-type":"","overlay-color":"","overlay-gradient":""},"mobile":{"background-color":"","background-image":"","background-repeat":"repeat","background-position":"center center","background-size":"auto","background-attachment":"scroll","background-type":"","background-media":"","overlay-type":"","overlay-color":"","overlay-gradient":""}},"ast-content-background-meta":{"desktop":{"background-color":"var(--ast-global-color-5)","background-image":"","background-repeat":"repeat","background-position":"center center","background-size":"auto","background-attachment":"scroll","background-type":"","background-media":"","overlay-type":"","overlay-color":"","overlay-gradient":""},"tablet":{"background-color":"var(--ast-global-color-5)","background-image":"","background-repeat":"repeat","background-position":"center center","background-size":"auto","background-attachment":"scroll","background-type":"","background-media":"","overlay-type":"","overlay-color":"","overlay-gradient":""},"mobile":{"background-color":"var(--ast-global-color-5)","background-image":"","background-repeat":"repeat","background-position":"center center","background-size":"auto","background-attachment":"scroll","background-type":"","background-media":"","overlay-type":"","overlay-color":"","overlay-gradient":""}},"footnotes":""},"class_list":["post-1142","page","type-page","status-publish","hentry"],"_links":{"self":[{"href":"https:\/\/chape-liquide-savoie.com\/index.php\/wp-json\/wp\/v2\/pages\/1142","targetHints":{"allow":["GET"]}}],"collection":[{"href":"https:\/\/chape-liquide-savoie.com\/index.php\/wp-json\/wp\/v2\/pages"}],"about":[{"href":"https:\/\/chape-liquide-savoie.com\/index.php\/wp-json\/wp\/v2\/types\/page"}],"author":[{"embeddable":true,"href":"https:\/\/chape-liquide-savoie.com\/index.php\/wp-json\/wp\/v2\/users\/1"}],"replies":[{"embeddable":true,"href":"https:\/\/chape-liquide-savoie.com\/index.php\/wp-json\/wp\/v2\/comments?post=1142"}],"version-history":[{"count":13,"href":"https:\/\/chape-liquide-savoie.com\/index.php\/wp-json\/wp\/v2\/pages\/1142\/revisions"}],"predecessor-version":[{"id":1538,"href":"https:\/\/chape-liquide-savoie.com\/index.php\/wp-json\/wp\/v2\/pages\/1142\/revisions\/1538"}],"wp:attachment":[{"href":"https:\/\/chape-liquide-savoie.com\/index.php\/wp-json\/wp\/v2\/media?parent=1142"}],"curies":[{"name":"wp","href":"https:\/\/api.w.org\/{rel}","templated":true}]}}