{"id":1144,"date":"2023-11-24T09:51:04","date_gmt":"2023-11-24T08:51:04","guid":{"rendered":"https:\/\/chape-liquide-savoie.com\/?page_id=1144"},"modified":"2025-03-24T16:52:04","modified_gmt":"2025-03-24T15:52:04","slug":"chape-de-ravoirage","status":"publish","type":"page","link":"https:\/\/chape-liquide-savoie.com\/index.php\/chape-de-ravoirage\/","title":{"rendered":"CHAPE DE RAVOIRAGE"},"content":{"rendered":"\t\t<div data-elementor-type=\"wp-page\" data-elementor-id=\"1144\" class=\"elementor elementor-1144\">\n\t\t\t\t<div class=\"elementor-element elementor-element-e6b5d56 e-flex e-con-boxed e-con e-parent\" data-id=\"e6b5d56\" data-element_type=\"container\" data-e-type=\"container\">\n\t\t\t\t\t<div class=\"e-con-inner\">\n\t\t<div class=\"elementor-element elementor-element-dbef013 e-con-full e-flex e-con e-child\" data-id=\"dbef013\" data-element_type=\"container\" data-e-type=\"container\">\n\t\t\t\t<div class=\"elementor-element elementor-element-895d354 elementor-widget elementor-widget-heading\" data-id=\"895d354\" data-element_type=\"widget\" data-e-type=\"widget\" data-widget_type=\"heading.default\">\n\t\t\t\t<div class=\"elementor-widget-container\">\n\t\t\t\t\t<h2 class=\"elementor-heading-title elementor-size-default\">Chape de Ravoirage<\/h2>\t\t\t\t<\/div>\n\t\t\t\t<\/div>\n\t\t\t\t<div class=\"elementor-element elementor-element-a990e5b elementor-widget elementor-widget-text-editor\" data-id=\"a990e5b\" data-element_type=\"widget\" data-e-type=\"widget\" data-widget_type=\"text-editor.default\">\n\t\t\t\t<div class=\"elementor-widget-container\">\n\t\t\t\t\t\t\t\t\t<p class=\"Standard\"><span style=\"color: black;\">La chape de ravoirage, souvent m\u00e9connue mais essentielle dans <b>la pr\u00e9paration des sols<\/b>, joue un r\u00f4le primordial pour garantir une <b>base parfaitement nivel\u00e9e<\/b> avant la pose de panneau d&rsquo;isolation. Compos\u00e9e de mat\u00e9riaux l\u00e9gers, cette solution s\u2019av\u00e8re id\u00e9ale pour ajuster les diff\u00e9rences de hauteur et <b>corriger les imperfections<\/b> du sol.<\/span><\/p><p class=\"Standard\"><span style=\"color: black;\">Cela permet d&rsquo;englober les gaines techniques fix\u00e9es sur la dalle de compression.<\/span><\/p>\t\t\t\t\t\t\t\t<\/div>\n\t\t\t\t<\/div>\n\t\t\t\t<\/div>\n\t\t<div class=\"elementor-element elementor-element-4305517 e-con-full e-flex e-con e-child\" data-id=\"4305517\" data-element_type=\"container\" data-e-type=\"container\">\n\t\t\t\t<div class=\"elementor-element elementor-element-6b7ea85 elementor-widget elementor-widget-image\" data-id=\"6b7ea85\" data-element_type=\"widget\" data-e-type=\"widget\" data-widget_type=\"image.default\">\n\t\t\t\t<div class=\"elementor-widget-container\">\n\t\t\t\t\t\t\t\t\t\t\t\t\t\t\t<img fetchpriority=\"high\" decoding=\"async\" width=\"768\" height=\"1024\" src=\"https:\/\/chape-liquide-savoie.com\/wp-content\/uploads\/2025\/03\/1024-1365-768x1024.jpg\" class=\"attachment-large size-large wp-image-1516\" alt=\"\" srcset=\"https:\/\/chape-liquide-savoie.com\/wp-content\/uploads\/2025\/03\/1024-1365-768x1024.jpg 768w, https:\/\/chape-liquide-savoie.com\/wp-content\/uploads\/2025\/03\/1024-1365-225x300.jpg 225w, https:\/\/chape-liquide-savoie.com\/wp-content\/uploads\/2025\/03\/1024-1365.jpg 1024w\" sizes=\"(max-width: 768px) 100vw, 768px\" \/>\t\t\t\t\t\t\t\t\t\t\t\t\t\t\t<\/div>\n\t\t\t\t<\/div>\n\t\t\t\t<\/div>\n\t\t\t\t\t<\/div>\n\t\t\t\t<\/div>\n\t\t\t\t<\/div>\n\t\t","protected":false},"excerpt":{"rendered":"<p>Chape de Ravoirage La chape de ravoirage, souvent m\u00e9connue mais essentielle dans la pr\u00e9paration des sols, joue un r\u00f4le primordial pour garantir une base parfaitement nivel\u00e9e avant la pose de panneau d&rsquo;isolation. Compos\u00e9e de mat\u00e9riaux l\u00e9gers, cette solution s\u2019av\u00e8re id\u00e9ale pour ajuster les diff\u00e9rences de hauteur et corriger les imperfections du sol. Cela permet d&rsquo;englober [&hellip;]<\/p>\n","protected":false},"author":1,"featured_media":0,"parent":0,"menu_order":0,"comment_status":"closed","ping_status":"closed","template":"","meta":{"site-sidebar-layout":"no-sidebar","site-content-layout":"page-builder","ast-site-content-layout":"full-width-container","site-content-style":"default","site-sidebar-style":"default","ast-global-header-display":"","ast-banner-title-visibility":"","ast-main-header-display":"","ast-hfb-above-header-display":"","ast-hfb-below-header-display":"","ast-hfb-mobile-header-display":"","site-post-title":"disabled","ast-breadcrumbs-content":"","ast-featured-img":"disabled","footer-sml-layout":"","theme-transparent-header-meta":"","adv-header-id-meta":"","stick-header-meta":"","header-above-stick-meta":"","header-main-stick-meta":"","header-below-stick-meta":"","astra-migrate-meta-layouts":"set","ast-page-background-enabled":"default","ast-page-background-meta":{"desktop":{"background-color":"","background-image":"","background-repeat":"repeat","background-position":"center center","background-size":"auto","background-attachment":"scroll","background-type":"","background-media":"","overlay-type":"","overlay-color":"","overlay-gradient":""},"tablet":{"background-color":"","background-image":"","background-repeat":"repeat","background-position":"center center","background-size":"auto","background-attachment":"scroll","background-type":"","background-media":"","overlay-type":"","overlay-color":"","overlay-gradient":""},"mobile":{"background-color":"","background-image":"","background-repeat":"repeat","background-position":"center center","background-size":"auto","background-attachment":"scroll","background-type":"","background-media":"","overlay-type":"","overlay-color":"","overlay-gradient":""}},"ast-content-background-meta":{"desktop":{"background-color":"var(--ast-global-color-5)","background-image":"","background-repeat":"repeat","background-position":"center center","background-size":"auto","background-attachment":"scroll","background-type":"","background-media":"","overlay-type":"","overlay-color":"","overlay-gradient":""},"tablet":{"background-color":"var(--ast-global-color-5)","background-image":"","background-repeat":"repeat","background-position":"center center","background-size":"auto","background-attachment":"scroll","background-type":"","background-media":"","overlay-type":"","overlay-color":"","overlay-gradient":""},"mobile":{"background-color":"var(--ast-global-color-5)","background-image":"","background-repeat":"repeat","background-position":"center center","background-size":"auto","background-attachment":"scroll","background-type":"","background-media":"","overlay-type":"","overlay-color":"","overlay-gradient":""}},"footnotes":""},"class_list":["post-1144","page","type-page","status-publish","hentry"],"_links":{"self":[{"href":"https:\/\/chape-liquide-savoie.com\/index.php\/wp-json\/wp\/v2\/pages\/1144","targetHints":{"allow":["GET"]}}],"collection":[{"href":"https:\/\/chape-liquide-savoie.com\/index.php\/wp-json\/wp\/v2\/pages"}],"about":[{"href":"https:\/\/chape-liquide-savoie.com\/index.php\/wp-json\/wp\/v2\/types\/page"}],"author":[{"embeddable":true,"href":"https:\/\/chape-liquide-savoie.com\/index.php\/wp-json\/wp\/v2\/users\/1"}],"replies":[{"embeddable":true,"href":"https:\/\/chape-liquide-savoie.com\/index.php\/wp-json\/wp\/v2\/comments?post=1144"}],"version-history":[{"count":13,"href":"https:\/\/chape-liquide-savoie.com\/index.php\/wp-json\/wp\/v2\/pages\/1144\/revisions"}],"predecessor-version":[{"id":1519,"href":"https:\/\/chape-liquide-savoie.com\/index.php\/wp-json\/wp\/v2\/pages\/1144\/revisions\/1519"}],"wp:attachment":[{"href":"https:\/\/chape-liquide-savoie.com\/index.php\/wp-json\/wp\/v2\/media?parent=1144"}],"curies":[{"name":"wp","href":"https:\/\/api.w.org\/{rel}","templated":true}]}}