{"id":1146,"date":"2023-11-24T09:51:23","date_gmt":"2023-11-24T08:51:23","guid":{"rendered":"https:\/\/chape-liquide-savoie.com\/?page_id=1146"},"modified":"2025-07-04T12:36:13","modified_gmt":"2025-07-04T10:36:13","slug":"chape-technique","status":"publish","type":"page","link":"https:\/\/chape-liquide-savoie.com\/index.php\/chape-technique\/","title":{"rendered":"CHAPE TECHNIQUE"},"content":{"rendered":"\t\t<div data-elementor-type=\"wp-page\" data-elementor-id=\"1146\" class=\"elementor elementor-1146\">\n\t\t\t\t<div class=\"elementor-element elementor-element-f52c582 e-flex e-con-boxed e-con e-parent\" data-id=\"f52c582\" data-element_type=\"container\" data-e-type=\"container\">\n\t\t\t\t\t<div class=\"e-con-inner\">\n\t\t<div class=\"elementor-element elementor-element-dd09156 e-con-full e-flex e-con e-child\" data-id=\"dd09156\" data-element_type=\"container\" data-e-type=\"container\">\n\t\t<div class=\"elementor-element elementor-element-87515a0 e-con-full e-flex e-con e-child\" data-id=\"87515a0\" data-element_type=\"container\" data-e-type=\"container\">\n\t\t\t\t<div class=\"elementor-element elementor-element-a2b6627 elementor-widget elementor-widget-heading\" data-id=\"a2b6627\" data-element_type=\"widget\" data-e-type=\"widget\" data-widget_type=\"heading.default\">\n\t\t\t\t<div class=\"elementor-widget-container\">\n\t\t\t\t\t<h2 class=\"elementor-heading-title elementor-size-default\">Chape Technique<\/h2>\t\t\t\t<\/div>\n\t\t\t\t<\/div>\n\t\t\t\t<\/div>\n\t\t<div class=\"elementor-element elementor-element-e009d04 e-con-full e-flex e-con e-child\" data-id=\"e009d04\" data-element_type=\"container\" data-e-type=\"container\">\n\t\t\t\t<div class=\"elementor-element elementor-element-92b70a6 elementor-widget elementor-widget-text-editor\" data-id=\"92b70a6\" data-element_type=\"widget\" data-e-type=\"widget\" data-widget_type=\"text-editor.default\">\n\t\t\t\t<div class=\"elementor-widget-container\">\n\t\t\t\t\t\t\t\t\t<p>Cette solution moderne est adaptable \u00e0 diverses exigences. Elle peut int\u00e9grer des <strong>syst\u00e8mes de<\/strong> <strong>chauffage par le sol<\/strong>, des isolants acoustiques ou thermiques, s\u2019adaptant ainsi aux besoins sp\u00e9cifiques de chaque environnement (<strong>s\u00e9chage rapide<\/strong>). La chape technique assure \u00e9galement une r\u00e9partition uniforme des charges, <strong>renfor\u00e7ant ainsi la structure du sol<\/strong> pour les espaces soumis \u00e0 des contraintes importantes.<\/p><p>Sa composition sp\u00e9cifique (<strong>faible \u00e9paisseur<\/strong>), souvent \u00e0 base de mat\u00e9riaux innovants et de technologies avanc\u00e9es, assure une solidit\u00e9 et <strong>une l\u00e9g\u00e8ret\u00e9 appr\u00e9ciable<\/strong>. Cette caract\u00e9ristique lui conf\u00e8re une facilit\u00e9 d\u2019installation\u00a0 <strong>sur diff\u00e9rents types de supports<\/strong>, qu\u2019ils soient neufs ou anciens.<\/p><p>En outre, la chape technique se distingue par sa capacit\u00e9 \u00e0 s\u2019adapter rapidement \u00e0 diff\u00e9rents types de rev\u00eatements finaux.<\/p>\t\t\t\t\t\t\t\t<\/div>\n\t\t\t\t<\/div>\n\t\t\t\t<\/div>\n\t\t\t\t<\/div>\n\t\t<div class=\"elementor-element elementor-element-e265e0e e-con-full e-flex e-con e-child\" data-id=\"e265e0e\" data-element_type=\"container\" data-e-type=\"container\">\n\t\t\t\t<div class=\"elementor-element elementor-element-f7fd4b6 elementor-widget elementor-widget-image\" data-id=\"f7fd4b6\" data-element_type=\"widget\" data-e-type=\"widget\" data-widget_type=\"image.default\">\n\t\t\t\t<div class=\"elementor-widget-container\">\n\t\t\t\t\t\t\t\t\t\t\t\t\t\t\t<img fetchpriority=\"high\" decoding=\"async\" width=\"768\" height=\"1024\" src=\"https:\/\/chape-liquide-savoie.com\/wp-content\/uploads\/2025\/03\/chalet-768x1024.jpg\" class=\"attachment-large size-large wp-image-1535\" alt=\"\" srcset=\"https:\/\/chape-liquide-savoie.com\/wp-content\/uploads\/2025\/03\/chalet-768x1024.jpg 768w, https:\/\/chape-liquide-savoie.com\/wp-content\/uploads\/2025\/03\/chalet-225x300.jpg 225w, https:\/\/chape-liquide-savoie.com\/wp-content\/uploads\/2025\/03\/chalet.jpg 1024w\" sizes=\"(max-width: 768px) 100vw, 768px\" \/>\t\t\t\t\t\t\t\t\t\t\t\t\t\t\t<\/div>\n\t\t\t\t<\/div>\n\t\t\t\t<\/div>\n\t\t\t\t\t<\/div>\n\t\t\t\t<\/div>\n\t\t\t\t<\/div>\n\t\t","protected":false},"excerpt":{"rendered":"<p>Chape Technique Cette solution moderne est adaptable \u00e0 diverses exigences. Elle peut int\u00e9grer des syst\u00e8mes de chauffage par le sol, des isolants acoustiques ou thermiques, s\u2019adaptant ainsi aux besoins sp\u00e9cifiques de chaque environnement (s\u00e9chage rapide). La chape technique assure \u00e9galement une r\u00e9partition uniforme des charges, renfor\u00e7ant ainsi la structure du sol pour les espaces soumis [&hellip;]<\/p>\n","protected":false},"author":1,"featured_media":0,"parent":0,"menu_order":0,"comment_status":"closed","ping_status":"closed","template":"","meta":{"site-sidebar-layout":"no-sidebar","site-content-layout":"page-builder","ast-site-content-layout":"full-width-container","site-content-style":"default","site-sidebar-style":"default","ast-global-header-display":"","ast-banner-title-visibility":"","ast-main-header-display":"","ast-hfb-above-header-display":"","ast-hfb-below-header-display":"","ast-hfb-mobile-header-display":"","site-post-title":"disabled","ast-breadcrumbs-content":"","ast-featured-img":"disabled","footer-sml-layout":"","theme-transparent-header-meta":"","adv-header-id-meta":"","stick-header-meta":"","header-above-stick-meta":"","header-main-stick-meta":"","header-below-stick-meta":"","astra-migrate-meta-layouts":"set","ast-page-background-enabled":"default","ast-page-background-meta":{"desktop":{"background-color":"","background-image":"","background-repeat":"repeat","background-position":"center center","background-size":"auto","background-attachment":"scroll","background-type":"","background-media":"","overlay-type":"","overlay-color":"","overlay-gradient":""},"tablet":{"background-color":"","background-image":"","background-repeat":"repeat","background-position":"center center","background-size":"auto","background-attachment":"scroll","background-type":"","background-media":"","overlay-type":"","overlay-color":"","overlay-gradient":""},"mobile":{"background-color":"","background-image":"","background-repeat":"repeat","background-position":"center center","background-size":"auto","background-attachment":"scroll","background-type":"","background-media":"","overlay-type":"","overlay-color":"","overlay-gradient":""}},"ast-content-background-meta":{"desktop":{"background-color":"var(--ast-global-color-5)","background-image":"","background-repeat":"repeat","background-position":"center center","background-size":"auto","background-attachment":"scroll","background-type":"","background-media":"","overlay-type":"","overlay-color":"","overlay-gradient":""},"tablet":{"background-color":"var(--ast-global-color-5)","background-image":"","background-repeat":"repeat","background-position":"center center","background-size":"auto","background-attachment":"scroll","background-type":"","background-media":"","overlay-type":"","overlay-color":"","overlay-gradient":""},"mobile":{"background-color":"var(--ast-global-color-5)","background-image":"","background-repeat":"repeat","background-position":"center center","background-size":"auto","background-attachment":"scroll","background-type":"","background-media":"","overlay-type":"","overlay-color":"","overlay-gradient":""}},"footnotes":""},"class_list":["post-1146","page","type-page","status-publish","hentry"],"_links":{"self":[{"href":"https:\/\/chape-liquide-savoie.com\/index.php\/wp-json\/wp\/v2\/pages\/1146","targetHints":{"allow":["GET"]}}],"collection":[{"href":"https:\/\/chape-liquide-savoie.com\/index.php\/wp-json\/wp\/v2\/pages"}],"about":[{"href":"https:\/\/chape-liquide-savoie.com\/index.php\/wp-json\/wp\/v2\/types\/page"}],"author":[{"embeddable":true,"href":"https:\/\/chape-liquide-savoie.com\/index.php\/wp-json\/wp\/v2\/users\/1"}],"replies":[{"embeddable":true,"href":"https:\/\/chape-liquide-savoie.com\/index.php\/wp-json\/wp\/v2\/comments?post=1146"}],"version-history":[{"count":16,"href":"https:\/\/chape-liquide-savoie.com\/index.php\/wp-json\/wp\/v2\/pages\/1146\/revisions"}],"predecessor-version":[{"id":1569,"href":"https:\/\/chape-liquide-savoie.com\/index.php\/wp-json\/wp\/v2\/pages\/1146\/revisions\/1569"}],"wp:attachment":[{"href":"https:\/\/chape-liquide-savoie.com\/index.php\/wp-json\/wp\/v2\/media?parent=1146"}],"curies":[{"name":"wp","href":"https:\/\/api.w.org\/{rel}","templated":true}]}}