{"id":1148,"date":"2023-11-24T09:52:05","date_gmt":"2023-11-24T08:52:05","guid":{"rendered":"https:\/\/chape-liquide-savoie.com\/?page_id=1148"},"modified":"2025-07-04T12:49:08","modified_gmt":"2025-07-04T10:49:08","slug":"isolation-thermique","status":"publish","type":"page","link":"https:\/\/chape-liquide-savoie.com\/index.php\/isolation-thermique\/","title":{"rendered":"ISOLATION THERMIQUE"},"content":{"rendered":"\t\t<div data-elementor-type=\"wp-page\" data-elementor-id=\"1148\" class=\"elementor elementor-1148\">\n\t\t\t\t<div class=\"elementor-element elementor-element-515bc47 e-flex e-con-boxed e-con e-parent\" data-id=\"515bc47\" data-element_type=\"container\" data-e-type=\"container\">\n\t\t\t\t\t<div class=\"e-con-inner\">\n\t\t<div class=\"elementor-element elementor-element-6727a1f e-con-full e-flex e-con e-child\" data-id=\"6727a1f\" data-element_type=\"container\" data-e-type=\"container\">\n\t\t\t\t<div class=\"elementor-element elementor-element-365130a elementor-widget__width-initial elementor-widget elementor-widget-heading\" data-id=\"365130a\" data-element_type=\"widget\" data-e-type=\"widget\" data-widget_type=\"heading.default\">\n\t\t\t\t<div class=\"elementor-widget-container\">\n\t\t\t\t\t<h2 class=\"elementor-heading-title elementor-size-default\">Isolant Thermique<\/h2>\t\t\t\t<\/div>\n\t\t\t\t<\/div>\n\t\t\t\t<div class=\"elementor-element elementor-element-3b64fec elementor-widget__width-initial elementor-widget elementor-widget-text-editor\" data-id=\"3b64fec\" data-element_type=\"widget\" data-e-type=\"widget\" data-widget_type=\"text-editor.default\">\n\t\t\t\t<div class=\"elementor-widget-container\">\n\t\t\t\t\t\t\t\t\t<p>L\u2019isolant thermique repr\u00e9sente le pilier essentiel pour une <strong>gestion efficace de la chaleur<\/strong> et du confort \u00e0 l\u2019int\u00e9rieur de tout espace. Cette solution innovante agit comme une barri\u00e8re contre les <strong>pertes de chaleur<\/strong> en hiver et les gains de chaleur en \u00e9t\u00e9, assurant ainsi une <strong>r\u00e9gulation thermique <\/strong>optimale.<\/p><p><strong>En panneau polyur\u00e9thane dit TMS<\/strong>, l\u2019isolant thermique offre une diversit\u00e9 de choix adapt\u00e9s \u00e0 chaque situation. Son installation permet de limiter les transferts de chaleur \u00e0 travers les sols ou les toitures, r\u00e9duisant ainsi la consommation d\u2019\u00e9nergie et les factures de chauffage ou de climatisation. Sa pose s&rsquo;effectue sur un <strong>sol plan<\/strong> sans gaines techniques.<\/p><p><strong>La mousse polyur\u00e9thane<\/strong> projet\u00e9e est <strong>un<\/strong><strong> proc\u00e9d\u00e9 par projection<\/strong> compos\u00e9 de polyol et d\u2019isocyanate.<\/p><p><strong>Instantan\u00e9mment<\/strong>, la mousse durcit en adh\u00e9rant parfaitement \u00e0 la dalle en b\u00e9ton, ce qui permet de combler les irr\u00e9gularit\u00e9s du sol et d\u2019\u00e9liminer les ponts thermiques.<\/p><p>Cela permet aussi le passage des gaines techniques.<\/p><p>Dans <strong>les contraintes de r\u00e9servation<\/strong> (notamment en <strong>r\u00e9novation<\/strong>) elle permet un gain de hauteur non-n\u00e9gligeable.<\/p><p>\u00a0Cette mousse peut \u00eatre utilis\u00e9e imm\u00e9diatement pour la pose d\u2019un syst\u00e8me de chauffage au sol ou pour l\u2019installation d\u2019une chape flottante. Il est \u00e9galement possible d\u2019ajouter une <strong>sous-couche<\/strong> <strong>phonique pour allier thermique &amp; phonique<\/strong><\/p>\t\t\t\t\t\t\t\t<\/div>\n\t\t\t\t<\/div>\n\t\t\t\t<\/div>\n\t\t<div class=\"elementor-element elementor-element-4b55a9c e-con-full e-flex e-con e-child\" data-id=\"4b55a9c\" data-element_type=\"container\" data-e-type=\"container\">\n\t\t<div class=\"elementor-element elementor-element-a2535f2 e-con-full e-flex e-con e-child\" data-id=\"a2535f2\" data-element_type=\"container\" data-e-type=\"container\">\n\t\t\t\t<div class=\"elementor-element elementor-element-3a15882 elementor-widget elementor-widget-image\" data-id=\"3a15882\" data-element_type=\"widget\" data-e-type=\"widget\" data-widget_type=\"image.default\">\n\t\t\t\t<div class=\"elementor-widget-container\">\n\t\t\t\t\t\t\t\t\t\t\t\t\t\t\t<img fetchpriority=\"high\" decoding=\"async\" width=\"800\" height=\"301\" src=\"https:\/\/chape-liquide-savoie.com\/wp-content\/uploads\/2024\/05\/schema-mousse-projetee.png\" class=\"attachment-large size-large wp-image-1495\" alt=\"\" srcset=\"https:\/\/chape-liquide-savoie.com\/wp-content\/uploads\/2024\/05\/schema-mousse-projetee.png 800w, https:\/\/chape-liquide-savoie.com\/wp-content\/uploads\/2024\/05\/schema-mousse-projetee-300x113.png 300w, https:\/\/chape-liquide-savoie.com\/wp-content\/uploads\/2024\/05\/schema-mousse-projetee-768x289.png 768w\" sizes=\"(max-width: 800px) 100vw, 800px\" \/>\t\t\t\t\t\t\t\t\t\t\t\t\t\t\t<\/div>\n\t\t\t\t<\/div>\n\t\t\t\t<div class=\"elementor-element elementor-element-9af15dc elementor-widget elementor-widget-image\" data-id=\"9af15dc\" data-element_type=\"widget\" data-e-type=\"widget\" data-widget_type=\"image.default\">\n\t\t\t\t<div class=\"elementor-widget-container\">\n\t\t\t\t\t\t\t\t\t\t\t\t\t\t\t<img decoding=\"async\" src=\"https:\/\/chape-liquide-savoie.com\/wp-content\/uploads\/2025\/03\/thermique.jpg\" title=\"thermique\" alt=\"thermique\" loading=\"lazy\" \/>\t\t\t\t\t\t\t\t\t\t\t\t\t\t\t<\/div>\n\t\t\t\t<\/div>\n\t\t\t\t<div class=\"elementor-element elementor-element-84302c8 elementor-widget elementor-widget-image\" data-id=\"84302c8\" data-element_type=\"widget\" data-e-type=\"widget\" data-widget_type=\"image.default\">\n\t\t\t\t<div class=\"elementor-widget-container\">\n\t\t\t\t\t\t\t\t\t\t\t\t\t\t\t<img decoding=\"async\" src=\"https:\/\/chape-liquide-savoie.com\/wp-content\/uploads\/2025\/03\/thermique3.jpg\" title=\"thermique3\" alt=\"thermique3\" loading=\"lazy\" \/>\t\t\t\t\t\t\t\t\t\t\t\t\t\t\t<\/div>\n\t\t\t\t<\/div>\n\t\t\t\t<\/div>\n\t\t\t\t<\/div>\n\t\t\t\t\t<\/div>\n\t\t\t\t<\/div>\n\t\t\t\t<\/div>\n\t\t","protected":false},"excerpt":{"rendered":"<p>Isolant Thermique L\u2019isolant thermique repr\u00e9sente le pilier essentiel pour une gestion efficace de la chaleur et du confort \u00e0 l\u2019int\u00e9rieur de tout espace. Cette solution innovante agit comme une barri\u00e8re contre les pertes de chaleur en hiver et les gains de chaleur en \u00e9t\u00e9, assurant ainsi une r\u00e9gulation thermique optimale. En panneau polyur\u00e9thane dit TMS, [&hellip;]<\/p>\n","protected":false},"author":1,"featured_media":0,"parent":0,"menu_order":0,"comment_status":"closed","ping_status":"closed","template":"","meta":{"site-sidebar-layout":"no-sidebar","site-content-layout":"page-builder","ast-site-content-layout":"full-width-container","site-content-style":"default","site-sidebar-style":"default","ast-global-header-display":"","ast-banner-title-visibility":"","ast-main-header-display":"","ast-hfb-above-header-display":"","ast-hfb-below-header-display":"","ast-hfb-mobile-header-display":"","site-post-title":"disabled","ast-breadcrumbs-content":"","ast-featured-img":"disabled","footer-sml-layout":"","theme-transparent-header-meta":"","adv-header-id-meta":"","stick-header-meta":"","header-above-stick-meta":"","header-main-stick-meta":"","header-below-stick-meta":"","astra-migrate-meta-layouts":"set","ast-page-background-enabled":"default","ast-page-background-meta":{"desktop":{"background-color":"","background-image":"","background-repeat":"repeat","background-position":"center center","background-size":"auto","background-attachment":"scroll","background-type":"","background-media":"","overlay-type":"","overlay-color":"","overlay-gradient":""},"tablet":{"background-color":"","background-image":"","background-repeat":"repeat","background-position":"center center","background-size":"auto","background-attachment":"scroll","background-type":"","background-media":"","overlay-type":"","overlay-color":"","overlay-gradient":""},"mobile":{"background-color":"","background-image":"","background-repeat":"repeat","background-position":"center center","background-size":"auto","background-attachment":"scroll","background-type":"","background-media":"","overlay-type":"","overlay-color":"","overlay-gradient":""}},"ast-content-background-meta":{"desktop":{"background-color":"var(--ast-global-color-5)","background-image":"","background-repeat":"repeat","background-position":"center center","background-size":"auto","background-attachment":"scroll","background-type":"","background-media":"","overlay-type":"","overlay-color":"","overlay-gradient":""},"tablet":{"background-color":"var(--ast-global-color-5)","background-image":"","background-repeat":"repeat","background-position":"center center","background-size":"auto","background-attachment":"scroll","background-type":"","background-media":"","overlay-type":"","overlay-color":"","overlay-gradient":""},"mobile":{"background-color":"var(--ast-global-color-5)","background-image":"","background-repeat":"repeat","background-position":"center center","background-size":"auto","background-attachment":"scroll","background-type":"","background-media":"","overlay-type":"","overlay-color":"","overlay-gradient":""}},"footnotes":""},"class_list":["post-1148","page","type-page","status-publish","hentry"],"_links":{"self":[{"href":"https:\/\/chape-liquide-savoie.com\/index.php\/wp-json\/wp\/v2\/pages\/1148","targetHints":{"allow":["GET"]}}],"collection":[{"href":"https:\/\/chape-liquide-savoie.com\/index.php\/wp-json\/wp\/v2\/pages"}],"about":[{"href":"https:\/\/chape-liquide-savoie.com\/index.php\/wp-json\/wp\/v2\/types\/page"}],"author":[{"embeddable":true,"href":"https:\/\/chape-liquide-savoie.com\/index.php\/wp-json\/wp\/v2\/users\/1"}],"replies":[{"embeddable":true,"href":"https:\/\/chape-liquide-savoie.com\/index.php\/wp-json\/wp\/v2\/comments?post=1148"}],"version-history":[{"count":13,"href":"https:\/\/chape-liquide-savoie.com\/index.php\/wp-json\/wp\/v2\/pages\/1148\/revisions"}],"predecessor-version":[{"id":1575,"href":"https:\/\/chape-liquide-savoie.com\/index.php\/wp-json\/wp\/v2\/pages\/1148\/revisions\/1575"}],"wp:attachment":[{"href":"https:\/\/chape-liquide-savoie.com\/index.php\/wp-json\/wp\/v2\/media?parent=1148"}],"curies":[{"name":"wp","href":"https:\/\/api.w.org\/{rel}","templated":true}]}}