{"id":1150,"date":"2023-11-24T09:52:28","date_gmt":"2023-11-24T08:52:28","guid":{"rendered":"https:\/\/chape-liquide-savoie.com\/?page_id=1150"},"modified":"2025-03-24T17:11:29","modified_gmt":"2025-03-24T16:11:29","slug":"isolation-phonique","status":"publish","type":"page","link":"https:\/\/chape-liquide-savoie.com\/index.php\/isolation-phonique\/","title":{"rendered":"ISOLATION PHONIQUE"},"content":{"rendered":"\t\t<div data-elementor-type=\"wp-page\" data-elementor-id=\"1150\" class=\"elementor elementor-1150\">\n\t\t\t\t<div class=\"elementor-element elementor-element-d577c58 e-flex e-con-boxed e-con e-parent\" data-id=\"d577c58\" data-element_type=\"container\" data-e-type=\"container\">\n\t\t\t\t\t<div class=\"e-con-inner\">\n\t\t<div class=\"elementor-element elementor-element-5a9ac9b e-con-full e-flex e-con e-child\" data-id=\"5a9ac9b\" data-element_type=\"container\" data-e-type=\"container\">\n\t\t\t\t<div class=\"elementor-element elementor-element-ff125b9 elementor-widget elementor-widget-heading\" data-id=\"ff125b9\" data-element_type=\"widget\" data-e-type=\"widget\" data-widget_type=\"heading.default\">\n\t\t\t\t<div class=\"elementor-widget-container\">\n\t\t\t\t\t<h2 class=\"elementor-heading-title elementor-size-default\">Isolant Phonique<\/h2>\t\t\t\t<\/div>\n\t\t\t\t<\/div>\n\t\t\t\t<div class=\"elementor-element elementor-element-b9b41e0 elementor-widget elementor-widget-text-editor\" data-id=\"b9b41e0\" data-element_type=\"widget\" data-e-type=\"widget\" data-widget_type=\"text-editor.default\">\n\t\t\t\t<div class=\"elementor-widget-container\">\n\t\t\t\t\t\t\t\t\t<p class=\"Textbody\"><span style=\"color: black;\">L\u2019isolant phonique joue un r\u00f4le crucial dans la cr\u00e9ation d\u2019un <b>environnement int\u00e9rieur paisible<\/b> et confortable. Con\u00e7u sp\u00e9cifiquement pour <b>r\u00e9duire la transmission des bruits<\/b> et des vibrations, il agit comme une barri\u00e8re efficace contre les nuisances sonores ext\u00e9rieures et int\u00e9rieures.<\/span><\/p><p class=\"Textbody\"><span style=\"color: black;\">Fabriqu\u00e9 \u00e0 partir de mat\u00e9riaux tels que la <b>laine de roche compress\u00e9e<\/b> ou le li\u00e8ge, <\/span>l\u2019isolant phonique offre une diversit\u00e9 de solutions adapt\u00e9es \u00e0 chaque besoin. Son installation r\u00e9duit la propagation des sons d\u2019une pi\u00e8ce \u00e0 l\u2019autre, garantissant ainsi l\u2019intimit\u00e9 et la tranquillit\u00e9 au sein de votre espace de vie ou de travail.<\/p><p class=\"Textbody\">Les sous-couches phoniques (tramichape, assour&#8230;) en rouleau permettent de r\u00e9duire les impacts sonors avec de <b>faible \u00e9paisseur de r\u00e9servations<\/b>.<\/p><p class=\"Textbody\">Cette solution peut s&rsquo;appliquer sur une isolation projet\u00e9e pour obtenir <b>un panache thermique et phonique<\/b> optimis\u00e9 et adapt\u00e9 aux planchers chauffants<\/p>\t\t\t\t\t\t\t\t<\/div>\n\t\t\t\t<\/div>\n\t\t\t\t<\/div>\n\t\t<div class=\"elementor-element elementor-element-c1c5782 e-con-full e-flex e-con e-child\" data-id=\"c1c5782\" data-element_type=\"container\" data-e-type=\"container\">\n\t\t\t\t<div class=\"elementor-element elementor-element-3e7ef46 elementor-widget elementor-widget-image\" data-id=\"3e7ef46\" data-element_type=\"widget\" data-e-type=\"widget\" data-widget_type=\"image.default\">\n\t\t\t\t<div class=\"elementor-widget-container\">\n\t\t\t\t\t\t\t\t\t\t\t\t\t\t\t<img fetchpriority=\"high\" decoding=\"async\" width=\"768\" height=\"1024\" src=\"https:\/\/chape-liquide-savoie.com\/wp-content\/uploads\/2025\/03\/phonique-768x1024.jpg\" class=\"attachment-large size-large wp-image-1525\" alt=\"\" srcset=\"https:\/\/chape-liquide-savoie.com\/wp-content\/uploads\/2025\/03\/phonique-768x1024.jpg 768w, https:\/\/chape-liquide-savoie.com\/wp-content\/uploads\/2025\/03\/phonique-225x300.jpg 225w, https:\/\/chape-liquide-savoie.com\/wp-content\/uploads\/2025\/03\/phonique.jpg 1024w\" sizes=\"(max-width: 768px) 100vw, 768px\" \/>\t\t\t\t\t\t\t\t\t\t\t\t\t\t\t<\/div>\n\t\t\t\t<\/div>\n\t\t\t\t<\/div>\n\t\t\t\t\t<\/div>\n\t\t\t\t<\/div>\n\t\t\t\t<\/div>\n\t\t","protected":false},"excerpt":{"rendered":"<p>Isolant Phonique L\u2019isolant phonique joue un r\u00f4le crucial dans la cr\u00e9ation d\u2019un environnement int\u00e9rieur paisible et confortable. Con\u00e7u sp\u00e9cifiquement pour r\u00e9duire la transmission des bruits et des vibrations, il agit comme une barri\u00e8re efficace contre les nuisances sonores ext\u00e9rieures et int\u00e9rieures. Fabriqu\u00e9 \u00e0 partir de mat\u00e9riaux tels que la laine de roche compress\u00e9e ou le [&hellip;]<\/p>\n","protected":false},"author":1,"featured_media":0,"parent":0,"menu_order":0,"comment_status":"closed","ping_status":"closed","template":"","meta":{"site-sidebar-layout":"no-sidebar","site-content-layout":"page-builder","ast-site-content-layout":"full-width-container","site-content-style":"default","site-sidebar-style":"default","ast-global-header-display":"","ast-banner-title-visibility":"","ast-main-header-display":"","ast-hfb-above-header-display":"","ast-hfb-below-header-display":"","ast-hfb-mobile-header-display":"","site-post-title":"disabled","ast-breadcrumbs-content":"","ast-featured-img":"disabled","footer-sml-layout":"","theme-transparent-header-meta":"","adv-header-id-meta":"","stick-header-meta":"","header-above-stick-meta":"","header-main-stick-meta":"","header-below-stick-meta":"","astra-migrate-meta-layouts":"set","ast-page-background-enabled":"default","ast-page-background-meta":{"desktop":{"background-color":"","background-image":"","background-repeat":"repeat","background-position":"center center","background-size":"auto","background-attachment":"scroll","background-type":"","background-media":"","overlay-type":"","overlay-color":"","overlay-gradient":""},"tablet":{"background-color":"","background-image":"","background-repeat":"repeat","background-position":"center center","background-size":"auto","background-attachment":"scroll","background-type":"","background-media":"","overlay-type":"","overlay-color":"","overlay-gradient":""},"mobile":{"background-color":"","background-image":"","background-repeat":"repeat","background-position":"center center","background-size":"auto","background-attachment":"scroll","background-type":"","background-media":"","overlay-type":"","overlay-color":"","overlay-gradient":""}},"ast-content-background-meta":{"desktop":{"background-color":"var(--ast-global-color-5)","background-image":"","background-repeat":"repeat","background-position":"center center","background-size":"auto","background-attachment":"scroll","background-type":"","background-media":"","overlay-type":"","overlay-color":"","overlay-gradient":""},"tablet":{"background-color":"var(--ast-global-color-5)","background-image":"","background-repeat":"repeat","background-position":"center center","background-size":"auto","background-attachment":"scroll","background-type":"","background-media":"","overlay-type":"","overlay-color":"","overlay-gradient":""},"mobile":{"background-color":"var(--ast-global-color-5)","background-image":"","background-repeat":"repeat","background-position":"center center","background-size":"auto","background-attachment":"scroll","background-type":"","background-media":"","overlay-type":"","overlay-color":"","overlay-gradient":""}},"footnotes":""},"class_list":["post-1150","page","type-page","status-publish","hentry"],"_links":{"self":[{"href":"https:\/\/chape-liquide-savoie.com\/index.php\/wp-json\/wp\/v2\/pages\/1150","targetHints":{"allow":["GET"]}}],"collection":[{"href":"https:\/\/chape-liquide-savoie.com\/index.php\/wp-json\/wp\/v2\/pages"}],"about":[{"href":"https:\/\/chape-liquide-savoie.com\/index.php\/wp-json\/wp\/v2\/types\/page"}],"author":[{"embeddable":true,"href":"https:\/\/chape-liquide-savoie.com\/index.php\/wp-json\/wp\/v2\/users\/1"}],"replies":[{"embeddable":true,"href":"https:\/\/chape-liquide-savoie.com\/index.php\/wp-json\/wp\/v2\/comments?post=1150"}],"version-history":[{"count":10,"href":"https:\/\/chape-liquide-savoie.com\/index.php\/wp-json\/wp\/v2\/pages\/1150\/revisions"}],"predecessor-version":[{"id":1528,"href":"https:\/\/chape-liquide-savoie.com\/index.php\/wp-json\/wp\/v2\/pages\/1150\/revisions\/1528"}],"wp:attachment":[{"href":"https:\/\/chape-liquide-savoie.com\/index.php\/wp-json\/wp\/v2\/media?parent=1150"}],"curies":[{"name":"wp","href":"https:\/\/api.w.org\/{rel}","templated":true}]}}